{"id":246,"date":"2017-03-09T15:55:13","date_gmt":"2017-03-09T15:55:13","guid":{"rendered":"http:\/\/lawara-kosmetik.de\/?page_id=246"},"modified":"2018-01-27T12:13:25","modified_gmt":"2018-01-27T12:13:25","slug":"elektro-muskulaere-stimulation","status":"publish","type":"page","link":"http:\/\/lawara-kosmetik.de\/?page_id=246","title":{"rendered":"Elektro-Muskul\u00e4re-Stimulation"},"content":{"rendered":"<h1 style=\"text-align: center;\"><strong>Elektro-Muskul\u00e4re-Stimulation<\/strong><\/h1>\n<hr style=\"border: solid #bf2460 1px; height: 1px;\" \/>\n<h3 style=\"text-align: center;\"><strong>Das ultimative Fitness-Workout f\u00fcr Ihr Gesicht!<\/strong><\/h3>\n<table class=\" aligncenter\" style=\"border-color: #ffffff; background-color: #ffffff; width: 286px; height: 151px;\">\n<tbody>\n<tr style=\"border-color: #ffffff; background-color: #ffffff;\">\n<td style=\"border-color: #ffffff; background-color: #ffffff; text-align: center;\">\n<ul>\n<li style=\"text-align: left;\">Kr\u00e4ftigung der Muskeln<\/li>\n<li style=\"text-align: left;\">L\u00f6sen von Verspannungen<\/li>\n<li style=\"text-align: left;\">Faltenminderung<\/li>\n<li style=\"text-align: left;\">straffes Gewebe und pralle Haut<\/li>\n<li style=\"text-align: left;\">gefestigte Gesichtskonturen<\/li>\n<\/ul>\n<\/td>\n<\/tr>\n<\/tbody>\n<\/table>\n<p style=\"text-align: center;\"><strong>Was ist Elektro-Muskul\u00e4re-Stimulation?<\/strong><\/p>\n<p style=\"text-align: center;\">Die Elektro-Muskul\u00e4re-Stimulation stellt im Bereich der \u00e4sthetischen Kosmetik eine innovative und effektive Methode dar, um die Gesichtsmuskulatur nachhaltig zu st\u00e4rken und erschlaffte Hautkonturen intensiv zu straffen.<\/p>\n<p style=\"text-align: center;\">Die Methode ist so einfach wie genial:<\/p>\n<p style=\"text-align: center;\">Das Ger\u00e4t sendet angenehme Impulse durch die Haut, die die Nerven an der zu behandelnden Stelle stimulieren. Durch diese Niedrig-Frequenz-Impulse werden unter der Haut liegende Nerven angeregt und somit die Muskeln sanft stimuliert. Diese sind nicht in der Lage zu unter-scheiden, ob der Impuls vom Gehirn oder von den auf der Haut angebrachten Elektroden des EMS-Ger\u00e4tes stammt. Unsere Muskeln reagieren wie gewohnt auf den Reiz, spannen sich an und entspannen sich wieder, wenn der Reiz zu Ende ist. Durch diese innovative Methode l\u00e4sst sich die nat\u00fcrliche Muskelkontraktion nachahmen.<\/p>\n<p style=\"text-align: center;\">Dadurch werden die Muskelpartien in Gesicht, Hals und Dekollet\u00e9 effektiv gestrafft. Zudem wird die Mikrozirkulation angeregt und der Lymphfluss gef\u00f6rdert. Das Ergebnis ist ein glatter und straffer wirkendes Hautbild.<\/p>\n<p style=\"text-align: center;\"><strong>Was kann ich mit der Behandlung erreichen?<\/strong><\/p>\n<p style=\"text-align: center;\">Durch diese sanfte und absolut schmerzfreie Methode k\u00f6nnen folgende Ergebnisse erzielt werden:<\/p>\n<table class=\" aligncenter\" style=\"border-color: #ffffff; background-color: #ffffff; width: 500px; height: 148px;\">\n<tbody>\n<tr style=\"border-color: #ffffff; background-color: #ffffff;\">\n<td style=\"border-color: #ffffff; background-color: #ffffff; text-align: center;\">\n<ul>\n<li style=\"text-align: left;\">Verminderung von Falten<\/li>\n<li style=\"text-align: left;\">j\u00fcnger aussehende, pralle Haut<\/li>\n<li style=\"text-align: left;\">straffes Gewebe und gefestigte Konturen<\/li>\n<li style=\"text-align: left;\">Entschlackung und Entkrampfung verspannter Muskelpartien<\/li>\n<li style=\"text-align: left;\">Muskelkr\u00e4ftigung<\/li>\n<\/ul>\n<\/td>\n<\/tr>\n<\/tbody>\n<\/table>\n<p style=\"text-align: center;\"><strong>Was passiert w\u00e4hrend der Behandlung?<\/strong><\/p>\n<p style=\"text-align: center;\">Zun\u00e4chst wird die Haut mit den entsprechenden Produkten gereinigt. Als optimale Vorbereitung der Haut werden ein Enzympeeling und eine Diamant Mikrodermabrasions-Behandlung empfohlen. Die ideale Erg\u00e4nzung, um ein nachhaltig und intensiv gestrafftes Hautbild zu erzielen, ist eine abschlie\u00dfende Mesoporations-Behandlung nach der Elektro-Muskel-Stimulation.<\/p>\n<p style=\"text-align: center;\">Nun kann die eigentliche Behandlung beginnen:<\/p>\n<p style=\"text-align: center;\">Die Elektroden werden auf der Hautoberfl\u00e4che an den entsprechenden Gesichtsmuskeln angesetzt. Diese leiten sanfte Impulse unter die Haut. Durch diese Impulse mit niedriger Frequenz, werden unter der Haut liegende Nerven angeregt und somit die nat\u00fcrliche Muskelkontraktion nachgeahmt. Dadurch wird der Muskelaufbau gef\u00f6rdert und das Hautbild erscheint glatter und straffer.<\/p>\n<p style=\"text-align: center;\">Anschlie\u00dfend wird eine dermazeutische Abschlusspflege aufgetragen. Diese besondere Premium-Pflege hat zum Ziel, die Haut zu sch\u00fctzen und sie mit weiteren Wirkstoffen zu versorgen, die den Behandlungserfolg zuverl\u00e4ssig unter-st\u00fctzen.<\/p>\n<p style=\"text-align: center;\">Im Gegensatz zu anderen Methoden sind Sie sofort wieder gesellschaftsf\u00e4hig, da weder R\u00f6tungen, H\u00e4matome oder Schwellungen auftreten k\u00f6nnen.<\/p>\n<p style=\"text-align: center;\"><strong>Was bewirkt Elektro-Muskul\u00e4re-Stimulation?<\/strong><\/p>\n<p style=\"text-align: center;\">Diese Behandlungsmethode hat die folgenden Auswirkungen auf die Haut:<\/p>\n<table class=\" aligncenter\" style=\"border-color: #ffffff; width: 344px; height: 209px; background-color: #ffffff;\">\n<tbody>\n<tr style=\"border-color: #ffffff; background-color: #ffffff;\">\n<td style=\"border-color: #ffffff; background-color: #ffffff; text-align: center;\">\n<ul>\n<li style=\"text-align: left;\">Gl\u00e4ttung<\/li>\n<li style=\"text-align: left;\">Straffung<\/li>\n<li style=\"text-align: left;\">Milderung von Falten<\/li>\n<li style=\"text-align: left;\">Aufpolsterung<\/li>\n<li style=\"text-align: left;\">Anhebung der Gesichtskonturen<\/li>\n<li style=\"text-align: left;\">festes Hautgewebe<\/li>\n<li style=\"text-align: left;\">f\u00f6rdert die Mikrozirkulation der Muskeln<\/li>\n<\/ul>\n<\/td>\n<\/tr>\n<\/tbody>\n<\/table>\n<p style=\"text-align: center;\"><strong>Wie kann ich die Behandlung unterst\u00fctzen?<\/strong><\/p>\n<p style=\"text-align: center;\">Da es sich bei der Elektro-Muskel-Stimulation um eine hocheffektive und intensive dermazeutische Behandlungsmethode handelt, bedarf es der optimalen Heim-pflege.<\/p>\n<p style=\"text-align: center;\">Die Haut ben\u00f6tigt besonders viel Feuchtigkeit und Schutz. Dies k\u00f6nnen die speziell darauf ausgerichteten Pflegeprodukte bieten. Es ist sehr wichtig, dass Sie die empfohlenen Systempflegeprodukte regelm\u00e4\u00dfig zu Hause weiter verwenden. Somit kann eine langfristige Straffung und Anhebung der Gesichtskonturen garantiert werden.<\/p>\n<p style=\"text-align: center;\">Mit der Elektro-Muskel-Stimulation erreichen Sie einen gezielten Aufbau der Gesichtsmuskulatur und dadurch eine langfristige Anhebung der Gesichtskonturen sowie eine Minderung von Falten und Linien.<\/p>\n<p style=\"text-align: center;\">In Kombination mit der Pr\u00e4zisionskosmetik von CNC lassen sich mit dieser Methode nachhaltige und hervorragende Ergebnisse in der Anti-Aging Systembehandlung erzielen.<\/p>\n<p style=\"text-align: center;\">Sie haben Interesse an einem pers\u00f6nlichen Beratungsgespr\u00e4ch und an einer Elektro-Muskel-Stimulation Schnupperbehandlung?<\/p>\n<p style=\"text-align: center;\">Gerne vereinbare ich mit Ihnen einen Termin, damit Sie diese neue dermazeutische Behandlungsmethode kennenlernen, mit der wir sensationelle und nachhaltige Resultate erzielen k\u00f6nnen.<\/p>\n<p style=\"text-align: center;\">Ich freue mich auf Ihre Nachricht oder Ihren Anruf.<\/p>\n<div id=\"panel-244-0-0-1\" class=\"so-panel widget widget_youtube_responsive panel-last-child\" data-index=\"1\" data-style=\"{&quot;background_image_attachment&quot;:false,&quot;background_display&quot;:&quot;tile&quot;,&quot;content_alignment&quot;:&quot;center&quot;,&quot;title_color&quot;:&quot;#ffffff&quot;,&quot;headings_color&quot;:&quot;#ffffff&quot;}\">\n<div class=\"panel-widget-style panel-widget-style-for-244-0-0-1\" style=\"text-align: center;\" data-headings-color=\"#ffffff\" data-title-color=\"#ffffff\"><h3 class=\"widget-title\"><\/h3><object  class='StefanoAI-youtube-responsive fitvidsignore ' width='160' height='90' style='max-width:600px;' data-ratio=\"1.7777777778\" type='application\/video'><div data-iframe='StefanoAI-youtube-widget-responsive' data-id='StefanoAI-youtube-1' data-class='StefanoAI-youtube-responsive ' data-width='160' data-height='90' data-src='\/\/www.youtube-nocookie.com\/embed\/zDwQzOhlj1k?&amp;autohide=2&amp;color=red&amp;controls=1&amp;disablekb=0&amp;fs=1&amp;iv_load_policy=1&amp;modestbranding=0&amp;rel=0&amp;showinfo=0&amp;theme=dark&amp;vq=default' data-allowfullscreen data-style='border:none;max-width:600px;'><\/div><\/object><\/div>\n<\/div>\n<\/div>\n<\/div>\n<\/div>\n<\/div>\n","protected":false},"excerpt":{"rendered":"<p>Elektro-Muskul\u00e4re-Stimulation Das ultimative Fitness-Workout f\u00fcr Ihr Gesicht! Kr\u00e4ftigung der Muskeln L\u00f6sen von Verspannungen Faltenminderung straffes Gewebe und pralle Haut gefestigte Gesichtskonturen Was &hellip; <a href=\"http:\/\/lawara-kosmetik.de\/?page_id=246\" class=\"readmore\">Read more<\/a><\/p>\n","protected":false},"author":1,"featured_media":0,"parent":0,"menu_order":0,"comment_status":"closed","ping_status":"closed","template":"page-templates\/page_fullwidth.php","meta":[],"yoast_head":"<!-- This site is optimized with the Yoast SEO plugin v19.8 - https:\/\/yoast.com\/wordpress\/plugins\/seo\/ -->\n<title>Elektro-Muskul\u00e4re-Stimulation - LAWARA Kosmetik<\/title>\n<meta name=\"robots\" content=\"index, follow, max-snippet:-1, max-image-preview:large, max-video-preview:-1\" \/>\n<link rel=\"canonical\" href=\"http:\/\/lawara-kosmetik.de\/?page_id=246\" \/>\n<meta property=\"og:locale\" content=\"de_DE\" \/>\n<meta property=\"og:type\" content=\"article\" \/>\n<meta property=\"og:title\" content=\"Elektro-Muskul\u00e4re-Stimulation - LAWARA Kosmetik\" \/>\n<meta property=\"og:description\" content=\"Elektro-Muskul\u00e4re-Stimulation Das ultimative Fitness-Workout f\u00fcr Ihr Gesicht! Kr\u00e4ftigung der Muskeln L\u00f6sen von Verspannungen Faltenminderung straffes Gewebe und pralle Haut gefestigte Gesichtskonturen Was &hellip; Read more\" \/>\n<meta property=\"og:url\" content=\"http:\/\/lawara-kosmetik.de\/?page_id=246\" \/>\n<meta property=\"og:site_name\" content=\"LAWARA Kosmetik\" \/>\n<meta property=\"article:modified_time\" content=\"2018-01-27T12:13:25+00:00\" \/>\n<meta name=\"twitter:card\" content=\"summary_large_image\" \/>\n<meta name=\"twitter:label1\" content=\"Gesch\u00e4tzte Lesezeit\" \/>\n\t<meta name=\"twitter:data1\" content=\"3 Minuten\" \/>\n<script type=\"application\/ld+json\" class=\"yoast-schema-graph\">{\"@context\":\"https:\/\/schema.org\",\"@graph\":[{\"@type\":\"WebPage\",\"@id\":\"http:\/\/lawara-kosmetik.de\/?page_id=246\",\"url\":\"http:\/\/lawara-kosmetik.de\/?page_id=246\",\"name\":\"Elektro-Muskul\u00e4re-Stimulation - LAWARA Kosmetik\",\"isPartOf\":{\"@id\":\"http:\/\/lawara-kosmetik.de\/#website\"},\"datePublished\":\"2017-03-09T15:55:13+00:00\",\"dateModified\":\"2018-01-27T12:13:25+00:00\",\"breadcrumb\":{\"@id\":\"http:\/\/lawara-kosmetik.de\/?page_id=246#breadcrumb\"},\"inLanguage\":\"de-DE\",\"potentialAction\":[{\"@type\":\"ReadAction\",\"target\":[\"http:\/\/lawara-kosmetik.de\/?page_id=246\"]}]},{\"@type\":\"BreadcrumbList\",\"@id\":\"http:\/\/lawara-kosmetik.de\/?page_id=246#breadcrumb\",\"itemListElement\":[{\"@type\":\"ListItem\",\"position\":1,\"name\":\"Startseite\",\"item\":\"http:\/\/lawara-kosmetik.de\/\"},{\"@type\":\"ListItem\",\"position\":2,\"name\":\"Elektro-Muskul\u00e4re-Stimulation\"}]},{\"@type\":\"WebSite\",\"@id\":\"http:\/\/lawara-kosmetik.de\/#website\",\"url\":\"http:\/\/lawara-kosmetik.de\/\",\"name\":\"LAWARA Kosmetik\",\"description\":\"Zeit f\u00fcr Dich\",\"publisher\":{\"@id\":\"http:\/\/lawara-kosmetik.de\/#organization\"},\"potentialAction\":[{\"@type\":\"SearchAction\",\"target\":{\"@type\":\"EntryPoint\",\"urlTemplate\":\"http:\/\/lawara-kosmetik.de\/?s={search_term_string}\"},\"query-input\":\"required name=search_term_string\"}],\"inLanguage\":\"de-DE\"},{\"@type\":\"Organization\",\"@id\":\"http:\/\/lawara-kosmetik.de\/#organization\",\"name\":\"LAWARA Kosmetik\",\"url\":\"http:\/\/lawara-kosmetik.de\/\",\"sameAs\":[],\"logo\":{\"@type\":\"ImageObject\",\"inLanguage\":\"de-DE\",\"@id\":\"http:\/\/lawara-kosmetik.de\/#\/schema\/logo\/image\/\",\"url\":\"http:\/\/lawara-kosmetik.de\/wp-content\/uploads\/2017\/02\/logo-e1486803785264.jpg\",\"contentUrl\":\"http:\/\/lawara-kosmetik.de\/wp-content\/uploads\/2017\/02\/logo-e1486803785264.jpg\",\"width\":511,\"height\":511,\"caption\":\"LAWARA Kosmetik\"},\"image\":{\"@id\":\"http:\/\/lawara-kosmetik.de\/#\/schema\/logo\/image\/\"}}]}<\/script>\n<!-- \/ Yoast SEO plugin. -->","yoast_head_json":{"title":"Elektro-Muskul\u00e4re-Stimulation - LAWARA Kosmetik","robots":{"index":"index","follow":"follow","max-snippet":"max-snippet:-1","max-image-preview":"max-image-preview:large","max-video-preview":"max-video-preview:-1"},"canonical":"http:\/\/lawara-kosmetik.de\/?page_id=246","og_locale":"de_DE","og_type":"article","og_title":"Elektro-Muskul\u00e4re-Stimulation - LAWARA Kosmetik","og_description":"Elektro-Muskul\u00e4re-Stimulation Das ultimative Fitness-Workout f\u00fcr Ihr Gesicht! Kr\u00e4ftigung der Muskeln L\u00f6sen von Verspannungen Faltenminderung straffes Gewebe und pralle Haut gefestigte Gesichtskonturen Was &hellip; Read more","og_url":"http:\/\/lawara-kosmetik.de\/?page_id=246","og_site_name":"LAWARA Kosmetik","article_modified_time":"2018-01-27T12:13:25+00:00","twitter_card":"summary_large_image","twitter_misc":{"Gesch\u00e4tzte Lesezeit":"3 Minuten"},"schema":{"@context":"https:\/\/schema.org","@graph":[{"@type":"WebPage","@id":"http:\/\/lawara-kosmetik.de\/?page_id=246","url":"http:\/\/lawara-kosmetik.de\/?page_id=246","name":"Elektro-Muskul\u00e4re-Stimulation - LAWARA Kosmetik","isPartOf":{"@id":"http:\/\/lawara-kosmetik.de\/#website"},"datePublished":"2017-03-09T15:55:13+00:00","dateModified":"2018-01-27T12:13:25+00:00","breadcrumb":{"@id":"http:\/\/lawara-kosmetik.de\/?page_id=246#breadcrumb"},"inLanguage":"de-DE","potentialAction":[{"@type":"ReadAction","target":["http:\/\/lawara-kosmetik.de\/?page_id=246"]}]},{"@type":"BreadcrumbList","@id":"http:\/\/lawara-kosmetik.de\/?page_id=246#breadcrumb","itemListElement":[{"@type":"ListItem","position":1,"name":"Startseite","item":"http:\/\/lawara-kosmetik.de\/"},{"@type":"ListItem","position":2,"name":"Elektro-Muskul\u00e4re-Stimulation"}]},{"@type":"WebSite","@id":"http:\/\/lawara-kosmetik.de\/#website","url":"http:\/\/lawara-kosmetik.de\/","name":"LAWARA Kosmetik","description":"Zeit f\u00fcr Dich","publisher":{"@id":"http:\/\/lawara-kosmetik.de\/#organization"},"potentialAction":[{"@type":"SearchAction","target":{"@type":"EntryPoint","urlTemplate":"http:\/\/lawara-kosmetik.de\/?s={search_term_string}"},"query-input":"required name=search_term_string"}],"inLanguage":"de-DE"},{"@type":"Organization","@id":"http:\/\/lawara-kosmetik.de\/#organization","name":"LAWARA Kosmetik","url":"http:\/\/lawara-kosmetik.de\/","sameAs":[],"logo":{"@type":"ImageObject","inLanguage":"de-DE","@id":"http:\/\/lawara-kosmetik.de\/#\/schema\/logo\/image\/","url":"http:\/\/lawara-kosmetik.de\/wp-content\/uploads\/2017\/02\/logo-e1486803785264.jpg","contentUrl":"http:\/\/lawara-kosmetik.de\/wp-content\/uploads\/2017\/02\/logo-e1486803785264.jpg","width":511,"height":511,"caption":"LAWARA Kosmetik"},"image":{"@id":"http:\/\/lawara-kosmetik.de\/#\/schema\/logo\/image\/"}}]}},"_links":{"self":[{"href":"http:\/\/lawara-kosmetik.de\/index.php?rest_route=\/wp\/v2\/pages\/246"}],"collection":[{"href":"http:\/\/lawara-kosmetik.de\/index.php?rest_route=\/wp\/v2\/pages"}],"about":[{"href":"http:\/\/lawara-kosmetik.de\/index.php?rest_route=\/wp\/v2\/types\/page"}],"author":[{"embeddable":true,"href":"http:\/\/lawara-kosmetik.de\/index.php?rest_route=\/wp\/v2\/users\/1"}],"replies":[{"embeddable":true,"href":"http:\/\/lawara-kosmetik.de\/index.php?rest_route=%2Fwp%2Fv2%2Fcomments&post=246"}],"version-history":[{"count":35,"href":"http:\/\/lawara-kosmetik.de\/index.php?rest_route=\/wp\/v2\/pages\/246\/revisions"}],"predecessor-version":[{"id":389,"href":"http:\/\/lawara-kosmetik.de\/index.php?rest_route=\/wp\/v2\/pages\/246\/revisions\/389"}],"wp:attachment":[{"href":"http:\/\/lawara-kosmetik.de\/index.php?rest_route=%2Fwp%2Fv2%2Fmedia&parent=246"}],"curies":[{"name":"wp","href":"https:\/\/api.w.org\/{rel}","templated":true}]}}